{"id":28592,"date":"2025-05-05T05:52:34","date_gmt":"2025-05-05T05:52:34","guid":{"rendered":"https:\/\/www.infintor.com\/de\/odoo-customization-ae\/"},"modified":"2025-06-03T16:24:31","modified_gmt":"2025-06-03T16:24:31","slug":"odoo-support-und-wartung","status":"publish","type":"page","link":"https:\/\/www.infintor.com\/de\/odoo-support-und-wartung\/","title":{"rendered":"Odoo Support und Wartung"},"content":{"rendered":"\n<div class=\"wp-block-group has-background\" style=\"background-color:#f4f4f4e8\"><div class=\"wp-block-group__inner-container is-layout-flow wp-block-group-is-layout-flow\">\n<div class=\"helloWrap\">\n        <section class=\"serviceIntroWrapper section anim mb-2\">\n            <div class=\"container\">\n                <div class=\"serviceIntroInner pb-5\">\n                    <div class=\"row\">\n                        <div class=\"col-12 col-lg-6 pb-5\">\n                            <div class=\"col-12\">\n                                <div class=\"contentWrapper pt-5\">\n                                    <div class=\"topHeading mb-1\">\n                                        <span class=\"colorHeading\"style=\"color: ;\">Wir halten Ihr Odoo am Laufen \u2013 zuverl\u00e4ssig und effizient.<\/span>\n                                        <span class=\"colorlessHeading\"><\/span>\n                                    <\/div>\n                                    <h3 class=\"title-lg mb-6\">Support, wenn Sie ihn brauchen. L\u00f6sungen, die wirken.<\/h3>\n                                    <h4 class=\"heading2 mb-6\"><\/h4>\n\t\t\t\t\t\t         \t<h4 class=\"para-lg sp-char mb-6\"><\/h4>\n                                    <p class=\"para-lg mb-6\">Unser Team verf\u00fcgt \u00fcber erfahrene funktionale Berater und ein technisches Supportteam, die Ihnen rund um die Uhr Unterst\u00fctzung bieten, um Ihnen bei der Identifizierung und L\u00f6sung von Problemen mit geeigneten L\u00f6sungen zu helfen. Es handelt sich um eine unserer wichtigsten Dienstleistungen, auf die wir stolz sind. Wir bieten verschiedene Pakete und AMCs entsprechend Ihren Anforderungen an, um sicherzustellen, dass Sie Ihre Gesch\u00e4ftsabl\u00e4ufe reibungslos abwickeln k\u00f6nnen. Unsere Supportleistungen umfassen je nach Bedarf Beratung, Dokumentation, Fehlerbehebungen und anderen damit verbundenen Support.<\/p>\n\t\t\t\t\t\t\t        <a href=\"#down\"><p class=\"slider-btn mt-3 mb-6\">Book Demo Now!<\/p><\/a>\n                                <\/div>\n                            <\/div>\n                        <\/div>\n\t\t\t\t\t\t<div class=\"col-12 col-lg-6\">\n                            <div class=\"imageWrapper\">\n                                 <div class=\"imageContainer\">\n                                      <img decoding=\"async\" class=\"lazyload\" src=\"https:\/\/www.infintor.com\/de\/wp-content\/uploads\/2023\/01\/Odoo-ERP-Software.png\" alt=\"Odoo Support und Wartung\">\n                                 <\/div>\n                            <\/div>\t\n\t\t\t\t\t\t<\/div>\n                    <\/div>\n                <\/div>\n            <\/div>\n        <\/section>\n<\/div><\/div><\/div>\n\n\n\n<div class=\"helloWrap mt-80 pt-5 pb-5\">\n\n<section class=\"whyChooseWrapperServices section anim\">\n            <div class=\"container\">\n                <div class=\"whyChooseServiceInner\">\n                    <div class=\"heading\">\n                        <h3 class=\"title-md mb-1\">\n                             <span>Warum Sie uns w\u00e4hlen sollten <\/span><br>                         <\/h3>\n                        <p class=\"para-md mb-0\">Partnerschaft, die wirkt \u2013 Kompetenz, die bleibt<\/p>\n                    <\/div>\n                    <div class=\"whyChooseServiceItems\">\n                        <div class=\"row\">\n\n                                                    <div class=\"col-6 col-lg-4\">\n                                <div class=\"whyChooseMain\">\n                                    <div class=\"headingWrapper\">\n                                        <div class=\"iconWrapper\">\n                                           <div class=\"iconContainer\">\n\t\t\t\t\t\t\t\t\t\t\t   <img data-src=\"https:\/\/www.infintor.com\/de\/wp-content\/uploads\/2022\/07\/responsive.svg\" class=\"lazyload\" alt=\"Tiefgehende Odoo-Expertise\">\n                                           <\/div>\n                                        <\/div>\n                                        <div class=\"textWrapper\">\n                                            <h3>Tiefgehende Odoo-Expertise<\/h3>\n                                        <\/div>\n                                    <\/div>\n                                    <div class=\"contntWrapper\">\n                                        <p class=\"para-xsm\">Unser Team besteht aus zertifizierten Odoo-Beratern mit umfassender Erfahrung in funktionalen und technischen Bereichen. \n                                        <\/p>\n                                    <\/div>\n                                <\/div>\n                            <\/div>\n                                                        <div class=\"col-6 col-lg-4\">\n                                <div class=\"whyChooseMain\">\n                                    <div class=\"headingWrapper\">\n                                        <div class=\"iconWrapper\">\n                                           <div class=\"iconContainer\">\n\t\t\t\t\t\t\t\t\t\t\t   <img data-src=\"https:\/\/www.infintor.com\/de\/wp-content\/uploads\/2022\/07\/customize.svg\" class=\"lazyload\" alt=\"Ma\u00dfgeschneiderte L\u00f6sungen\">\n                                           <\/div>\n                                        <\/div>\n                                        <div class=\"textWrapper\">\n                                            <h3>Ma\u00dfgeschneiderte L\u00f6sungen<\/h3>\n                                        <\/div>\n                                    <\/div>\n                                    <div class=\"contntWrapper\">\n                                        <p class=\"para-xsm\">Wir passen unsere Support- und Trainingsleistungen exakt an Ihre Gesch\u00e4ftsanforderungen an \u2013 keine Standardl\u00f6sungen. \n                                        <\/p>\n                                    <\/div>\n                                <\/div>\n                            <\/div>\n                                                        <div class=\"col-6 col-lg-4\">\n                                <div class=\"whyChooseMain\">\n                                    <div class=\"headingWrapper\">\n                                        <div class=\"iconWrapper\">\n                                           <div class=\"iconContainer\">\n\t\t\t\t\t\t\t\t\t\t\t   <img data-src=\"https:\/\/www.infintor.com\/de\/wp-content\/uploads\/2022\/07\/documented.svg\" class=\"lazyload\" alt=\"Schnelle Reaktionszeiten\">\n                                           <\/div>\n                                        <\/div>\n                                        <div class=\"textWrapper\">\n                                            <h3>Schnelle Reaktionszeiten<\/h3>\n                                        <\/div>\n                                    <\/div>\n                                    <div class=\"contntWrapper\">\n                                        <p class=\"para-xsm\">Wir garantieren z\u00fcgige R\u00fcckmeldungen und L\u00f6sungen, um Betriebsunterbrechungen zu minimieren. \n                                        <\/p>\n                                    <\/div>\n                                <\/div>\n                            <\/div>\n                                                        <div class=\"col-6 col-lg-4\">\n                                <div class=\"whyChooseMain\">\n                                    <div class=\"headingWrapper\">\n                                        <div class=\"iconWrapper\">\n                                           <div class=\"iconContainer\">\n\t\t\t\t\t\t\t\t\t\t\t   <img data-src=\"https:\/\/www.infintor.com\/de\/wp-content\/uploads\/2022\/07\/download-3.svg\" class=\"lazyload\" alt=\"Umfassender Support\">\n                                           <\/div>\n                                        <\/div>\n                                        <div class=\"textWrapper\">\n                                            <h3>Umfassender Support<\/h3>\n                                        <\/div>\n                                    <\/div>\n                                    <div class=\"contntWrapper\">\n                                        <p class=\"para-xsm\">Von technischer Fehlerbehebung bis hin zu Prozessberatung und Dokumentation \u2013 alles aus einer Hand. \n                                        <\/p>\n                                    <\/div>\n                                <\/div>\n                            <\/div>\n                                                        <div class=\"col-6 col-lg-4\">\n                                <div class=\"whyChooseMain\">\n                                    <div class=\"headingWrapper\">\n                                        <div class=\"iconWrapper\">\n                                           <div class=\"iconContainer\">\n\t\t\t\t\t\t\t\t\t\t\t   <img data-src=\"https:\/\/www.infintor.com\/de\/wp-content\/uploads\/2022\/07\/download-4.svg\" class=\"lazyload\" alt=\"Flexible Servicepakete\">\n                                           <\/div>\n                                        <\/div>\n                                        <div class=\"textWrapper\">\n                                            <h3>Flexible Servicepakete<\/h3>\n                                        <\/div>\n                                    <\/div>\n                                    <div class=\"contntWrapper\">\n                                        <p class=\"para-xsm\">W\u00e4hlen Sie aus unseren skalierbaren Paketen und Wartungsvertr\u00e4gen entsprechend Ihrem Budget und Bedarf. \n                                        <\/p>\n                                    <\/div>\n                                <\/div>\n                            <\/div>\n                                                        <div class=\"col-6 col-lg-4\">\n                                <div class=\"whyChooseMain\">\n                                    <div class=\"headingWrapper\">\n                                        <div class=\"iconWrapper\">\n                                           <div class=\"iconContainer\">\n\t\t\t\t\t\t\t\t\t\t\t   <img data-src=\"https:\/\/www.infintor.com\/de\/wp-content\/uploads\/2022\/07\/seo.svg\" class=\"lazyload\" alt=\"Schulung &#038; Wissenstransfer\">\n                                           <\/div>\n                                        <\/div>\n                                        <div class=\"textWrapper\">\n                                            <h3>Schulung &#038; Wissenstransfer<\/h3>\n                                        <\/div>\n                                    <\/div>\n                                    <div class=\"contntWrapper\">\n                                        <p class=\"para-xsm\">Wir schulen Ihre Teams nachhaltig, damit Sie Odoo effizient und unabh\u00e4ngig nutzen k\u00f6nnen. \n                                        <\/p>\n                                    <\/div>\n                                <\/div>\n                            <\/div>\n                            \n                        <\/div>\n                    <\/div>\n                <\/div>\n            <\/div>\n        <\/section>\n<\/div>\n\n\n<div class=\"common\">\n <!-- global client -->\n  <!-- video section -->\n  <section class=\"video-wrapper pt-5 pb-5 anim\">\n                <div class=\"container\">\n                    <div class=\"video-wrapper-inner\">\n\t\t\t\t\t\t\t\t\t    <img decoding=\"async\" src=\"https:\/\/www.infintor.com\/de\/wp-content\/uploads\/2023\/10\/Character-Bg-1.png\" alt=\"Odoo Support und Wartung\">\t\t\t\t\t\n                        <div class=\"video-wrapper-video\" style=\"background-color:#51648e\">\n                            <div class=\"row\">\n                                <div class=\"col-12 col-lg-3\">\n                                    <div class=\"video-image\">\n\t\t\t                            <\/div>\n                                <\/div>\n                                <div class=\"col-12 col-lg-6 videoBox\">\n                                    <div class=\"contentWrapper text-white\">\n                                        <h3 class=\"title-md text-white\">Odoo Support und Wartung<\/h3>\n                                        <div class=\"para-lg text-white\">\n                                        <p>With our Odoo customization services empower your business to thrive in the competitive landscape. Our commitment lies in delivering robust, dependable, and cost-effective solutions, boost Your business with Infintor.<\/p>\n                                        <\/div>\n                                    <\/div>\n                                <\/div>\n                                <div class=\"col-12 col-lg-3 videoBox\">\n                                    <button class=\"videoWrapper text-white\">\n                                        <div class=\"videoContent\">\n\t\t\t\t\t\t\t\t\t   \t<a href=\"https:\/\/www.infintor.com\/de\/contact-us\/\">\n\t\t\t\t\t\t\t\t\t\t\t<p class=\"slider-btn\">Contact Us!<\/p>\n\t\t\t\t\t\t\t\t\t\t<\/a>\n                                        <\/div>\n                                    <\/button>\n                                <\/div>\n                            <\/div>\n                        <\/div>\n                    <\/div>\n                <\/div>\n            <\/section>\n            <!-- video section end -->\n<\/div>\n\n<!-- contact us -->\n<section id=\"down\" class=\"contactSection anim  \">\n   <div class=\"container\">\n      <div class=\"row\">\n         <div class=\"col-12 col-lg-6\">\n            <div class=\"topHeading mb-3\">\n               <span class=\"colorHeading\">TEAM YOU CAN BANK UPON<\/span>\n               <span class=\"colorlessHeading\">#TEAMINFINTOR<\/span>\n            <\/div>\n            <h2 class=\"title-lg mb-4\">Warum unser Support anders ist<\/h2>\n            <p class=\"para-lg mb-4\">Mit uns erhalten Sie mehr als nur technische Hilfe \u2013 wir sind Ihr zuverl\u00e4ssiger Partner f\u00fcr den langfristigen Erfolg mit Odoo. Unsere Herangehensweise ist proaktiv statt reaktiv: Wir denken mit und handeln vorausschauend. Dabei arbeiten wir klar und transparent \u2013 ohne versteckte Kosten oder undurchsichtige Prozesse. Unser Fokus liegt auf nachhaltigen L\u00f6sungen statt kurzfristiger Fehlerbehebung. Und das alles mit einem erfahrenen, zertifizierten Team, das Odoo sowohl funktional als auch technisch in- und auswendig kennt.<\/p>\n            <div class=\"custome\">\n               \t\t\t<\/div>\n         <\/div>\n         <div class=\"col-12 col-lg-6\">\n            <div class=\"contactSectionWrapper\">\n               <div class=\"heading\">\n                  <div class=\"title-sm-min mb-0\">\n                     Contact us to know more.                  <\/div>\n                  <p class=\"para-lg\">\n                     Hop on to your digital transformation journey                  <\/p>\n               <\/div>\n                <iframe loading=\"lazy\" src=\"https:\/\/people.infintor.com\/lead-form-de\" style=\"border:0px #ffffff none;\" name=\"myiFrame\" scrolling=\"no\" frameborder=\"1\" marginheight=\"0px\" marginwidth=\"0px\" height=\"480\" width=\"100%\" allowfullscreen><\/iframe>\n                \n            <\/div>\n         <\/div>\n      <\/div>\n   <\/div>\n<\/section>","protected":false},"excerpt":{"rendered":"","protected":false},"author":2,"featured_media":0,"parent":0,"menu_order":0,"comment_status":"closed","ping_status":"closed","template":"","meta":{"_editorskit_title_hidden":false,"_editorskit_reading_time":0,"_editorskit_is_block_options_detached":false,"_editorskit_block_options_position":"{}","_uag_custom_page_level_css":"","footnotes":""},"class_list":["post-28592","page","type-page","status-publish","hentry"],"yoast_head":"<!-- This site is optimized with the Yoast SEO Premium plugin v18.7 (Yoast SEO v27.6) - https:\/\/yoast.com\/product\/yoast-seo-premium-wordpress\/ -->\n<title>Odoo Certified Partner Germany | Odoo Implementierungsdienste in Deutschland | Infintor Solutions -<\/title>\n<meta name=\"description\" content=\"Official Odoo Certified Partner in Germany offering expert implementation, customization, and support services. Zertifizierter Odoo-Partner in Deutschland professionelle Implementierung, Anpassung und Support f\u00fcr Ihr Unternehmen.\" \/>\n<meta name=\"robots\" content=\"index, follow, max-snippet:-1, max-image-preview:large, max-video-preview:-1\" \/>\n<link rel=\"canonical\" href=\"https:\/\/www.infintor.com\/de\/odoo-support-und-wartung\/\" \/>\n<meta property=\"og:locale\" content=\"en_US\" \/>\n<meta property=\"og:type\" content=\"article\" \/>\n<meta property=\"og:title\" content=\"Odoo Certified Partner Germany | Odoo Implementierungsdienste in Deutschland\" \/>\n<meta property=\"og:description\" content=\"Official Odoo Certified Partner in Germany offering expert implementation, customization, and support services. Zertifizierter Odoo-Partner in Deutschland professionelle Implementierung, Anpassung und Support f\u00fcr Ihr Unternehmen.\" \/>\n<meta property=\"og:url\" content=\"https:\/\/www.infintor.com\/de\/odoo-support-und-wartung\/\" \/>\n<meta property=\"og:site_name\" content=\"Infintor Solutions\" \/>\n<meta property=\"article:publisher\" content=\"https:\/\/www.facebook.com\/Infintor\/\" \/>\n<meta property=\"article:modified_time\" content=\"2025-06-03T16:24:31+00:00\" \/>\n<meta property=\"og:image\" content=\"https:\/\/www.infintor.com\/de\/wp-content\/uploads\/2022\/07\/Infintor-logo-05.png\" \/>\n\t<meta property=\"og:image:width\" content=\"1000\" \/>\n\t<meta property=\"og:image:height\" content=\"250\" \/>\n\t<meta property=\"og:image:type\" content=\"image\/png\" \/>\n<meta name=\"twitter:card\" content=\"summary_large_image\" \/>\n<meta name=\"twitter:site\" content=\"@infintor\" \/>\n<script type=\"application\/ld+json\" class=\"yoast-schema-graph\">{\"@context\":\"https:\\\/\\\/schema.org\",\"@graph\":[{\"@type\":\"WebPage\",\"@id\":\"https:\\\/\\\/www.infintor.com\\\/de\\\/odoo-support-und-wartung\\\/\",\"url\":\"https:\\\/\\\/www.infintor.com\\\/de\\\/odoo-support-und-wartung\\\/\",\"name\":\"Odoo Certified Partner Germany | Odoo Implementierungsdienste in Deutschland\",\"isPartOf\":{\"@id\":\"https:\\\/\\\/www.infintor.com\\\/de\\\/#website\"},\"datePublished\":\"2025-05-05T05:52:34+00:00\",\"dateModified\":\"2025-06-03T16:24:31+00:00\",\"description\":\"Official Odoo Certified Partner in Germany offering expert implementation, customization, and support services. Zertifizierter Odoo-Partner in Deutschland professionelle Implementierung, Anpassung und Support f\u00fcr Ihr Unternehmen.\",\"breadcrumb\":{\"@id\":\"https:\\\/\\\/www.infintor.com\\\/de\\\/odoo-support-und-wartung\\\/#breadcrumb\"},\"inLanguage\":\"en-US\",\"potentialAction\":[{\"@type\":\"ReadAction\",\"target\":[\"https:\\\/\\\/www.infintor.com\\\/de\\\/odoo-support-und-wartung\\\/\"]}]},{\"@type\":\"BreadcrumbList\",\"@id\":\"https:\\\/\\\/www.infintor.com\\\/de\\\/odoo-support-und-wartung\\\/#breadcrumb\",\"itemListElement\":[{\"@type\":\"ListItem\",\"position\":1,\"name\":\"Home\",\"item\":\"https:\\\/\\\/www.infintor.com\\\/de\\\/\"},{\"@type\":\"ListItem\",\"position\":2,\"name\":\"Odoo Support und Wartung\"}]},{\"@type\":\"WebSite\",\"@id\":\"https:\\\/\\\/www.infintor.com\\\/de\\\/#website\",\"url\":\"https:\\\/\\\/www.infintor.com\\\/de\\\/\",\"name\":\"Infintor Solutions\",\"description\":\"\",\"publisher\":{\"@id\":\"https:\\\/\\\/www.infintor.com\\\/de\\\/#organization\"},\"alternateName\":\"Infintor Software Company\",\"potentialAction\":[{\"@type\":\"SearchAction\",\"target\":{\"@type\":\"EntryPoint\",\"urlTemplate\":\"https:\\\/\\\/www.infintor.com\\\/de\\\/?s={search_term_string}\"},\"query-input\":{\"@type\":\"PropertyValueSpecification\",\"valueRequired\":true,\"valueName\":\"search_term_string\"}}],\"inLanguage\":\"en-US\"},{\"@type\":\"Organization\",\"@id\":\"https:\\\/\\\/www.infintor.com\\\/de\\\/#organization\",\"name\":\"Infintor Solutions\",\"url\":\"https:\\\/\\\/www.infintor.com\\\/de\\\/\",\"logo\":{\"@type\":\"ImageObject\",\"inLanguage\":\"en-US\",\"@id\":\"https:\\\/\\\/www.infintor.com\\\/de\\\/#\\\/schema\\\/logo\\\/image\\\/\",\"url\":\"https:\\\/\\\/www.infintor.com\\\/de\\\/wp-content\\\/uploads\\\/2022\\\/07\\\/Infintor-Logo-New.svg\",\"contentUrl\":\"https:\\\/\\\/www.infintor.com\\\/de\\\/wp-content\\\/uploads\\\/2022\\\/07\\\/Infintor-Logo-New.svg\",\"width\":\"2048\",\"height\":\"2048\",\"caption\":\"Infintor Solutions\"},\"image\":{\"@id\":\"https:\\\/\\\/www.infintor.com\\\/de\\\/#\\\/schema\\\/logo\\\/image\\\/\"},\"sameAs\":[\"https:\\\/\\\/www.facebook.com\\\/Infintor\\\/\",\"https:\\\/\\\/x.com\\\/infintor\",\"https:\\\/\\\/www.instagram.com\\\/infintorsolutions\\\/?hl=en\"]}]}<\/script>\n<!-- \/ Yoast SEO Premium plugin. -->","yoast_head_json":{"title":"Odoo Certified Partner Germany | Odoo Implementierungsdienste in Deutschland | Infintor Solutions -","description":"Official Odoo Certified Partner in Germany offering expert implementation, customization, and support services. Zertifizierter Odoo-Partner in Deutschland professionelle Implementierung, Anpassung und Support f\u00fcr Ihr Unternehmen.","robots":{"index":"index","follow":"follow","max-snippet":"max-snippet:-1","max-image-preview":"max-image-preview:large","max-video-preview":"max-video-preview:-1"},"canonical":"https:\/\/www.infintor.com\/de\/odoo-support-und-wartung\/","og_locale":"en_US","og_type":"article","og_title":"Odoo Certified Partner Germany | Odoo Implementierungsdienste in Deutschland","og_description":"Official Odoo Certified Partner in Germany offering expert implementation, customization, and support services. Zertifizierter Odoo-Partner in Deutschland professionelle Implementierung, Anpassung und Support f\u00fcr Ihr Unternehmen.","og_url":"https:\/\/www.infintor.com\/de\/odoo-support-und-wartung\/","og_site_name":"Infintor Solutions","article_publisher":"https:\/\/www.facebook.com\/Infintor\/","article_modified_time":"2025-06-03T16:24:31+00:00","og_image":[{"width":1000,"height":250,"url":"https:\/\/www.infintor.com\/de\/wp-content\/uploads\/2022\/07\/Infintor-logo-05.png","type":"image\/png"}],"twitter_card":"summary_large_image","twitter_site":"@infintor","schema":{"@context":"https:\/\/schema.org","@graph":[{"@type":"WebPage","@id":"https:\/\/www.infintor.com\/de\/odoo-support-und-wartung\/","url":"https:\/\/www.infintor.com\/de\/odoo-support-und-wartung\/","name":"Odoo Certified Partner Germany | Odoo Implementierungsdienste in Deutschland","isPartOf":{"@id":"https:\/\/www.infintor.com\/de\/#website"},"datePublished":"2025-05-05T05:52:34+00:00","dateModified":"2025-06-03T16:24:31+00:00","description":"Official Odoo Certified Partner in Germany offering expert implementation, customization, and support services. Zertifizierter Odoo-Partner in Deutschland professionelle Implementierung, Anpassung und Support f\u00fcr Ihr Unternehmen.","breadcrumb":{"@id":"https:\/\/www.infintor.com\/de\/odoo-support-und-wartung\/#breadcrumb"},"inLanguage":"en-US","potentialAction":[{"@type":"ReadAction","target":["https:\/\/www.infintor.com\/de\/odoo-support-und-wartung\/"]}]},{"@type":"BreadcrumbList","@id":"https:\/\/www.infintor.com\/de\/odoo-support-und-wartung\/#breadcrumb","itemListElement":[{"@type":"ListItem","position":1,"name":"Home","item":"https:\/\/www.infintor.com\/de\/"},{"@type":"ListItem","position":2,"name":"Odoo Support und Wartung"}]},{"@type":"WebSite","@id":"https:\/\/www.infintor.com\/de\/#website","url":"https:\/\/www.infintor.com\/de\/","name":"Infintor Solutions","description":"","publisher":{"@id":"https:\/\/www.infintor.com\/de\/#organization"},"alternateName":"Infintor Software Company","potentialAction":[{"@type":"SearchAction","target":{"@type":"EntryPoint","urlTemplate":"https:\/\/www.infintor.com\/de\/?s={search_term_string}"},"query-input":{"@type":"PropertyValueSpecification","valueRequired":true,"valueName":"search_term_string"}}],"inLanguage":"en-US"},{"@type":"Organization","@id":"https:\/\/www.infintor.com\/de\/#organization","name":"Infintor Solutions","url":"https:\/\/www.infintor.com\/de\/","logo":{"@type":"ImageObject","inLanguage":"en-US","@id":"https:\/\/www.infintor.com\/de\/#\/schema\/logo\/image\/","url":"https:\/\/www.infintor.com\/de\/wp-content\/uploads\/2022\/07\/Infintor-Logo-New.svg","contentUrl":"https:\/\/www.infintor.com\/de\/wp-content\/uploads\/2022\/07\/Infintor-Logo-New.svg","width":"2048","height":"2048","caption":"Infintor Solutions"},"image":{"@id":"https:\/\/www.infintor.com\/de\/#\/schema\/logo\/image\/"},"sameAs":["https:\/\/www.facebook.com\/Infintor\/","https:\/\/x.com\/infintor","https:\/\/www.instagram.com\/infintorsolutions\/?hl=en"]}]}},"uagb_featured_image_src":{"full":false,"thumbnail":false,"medium":false,"medium_large":false,"large":false,"1536x1536":false,"2048x2048":false,"cptm_icon":false},"uagb_author_info":{"display_name":"Jithin Naduvath","author_link":"https:\/\/www.infintor.com\/de\/author\/jithin\/"},"uagb_comment_info":0,"uagb_excerpt":null,"_links":{"self":[{"href":"https:\/\/www.infintor.com\/de\/wp-json\/wp\/v2\/pages\/28592","targetHints":{"allow":["GET"]}}],"collection":[{"href":"https:\/\/www.infintor.com\/de\/wp-json\/wp\/v2\/pages"}],"about":[{"href":"https:\/\/www.infintor.com\/de\/wp-json\/wp\/v2\/types\/page"}],"author":[{"embeddable":true,"href":"https:\/\/www.infintor.com\/de\/wp-json\/wp\/v2\/users\/2"}],"replies":[{"embeddable":true,"href":"https:\/\/www.infintor.com\/de\/wp-json\/wp\/v2\/comments?post=28592"}],"version-history":[{"count":22,"href":"https:\/\/www.infintor.com\/de\/wp-json\/wp\/v2\/pages\/28592\/revisions"}],"predecessor-version":[{"id":28622,"href":"https:\/\/www.infintor.com\/de\/wp-json\/wp\/v2\/pages\/28592\/revisions\/28622"}],"wp:attachment":[{"href":"https:\/\/www.infintor.com\/de\/wp-json\/wp\/v2\/media?parent=28592"}],"curies":[{"name":"wp","href":"https:\/\/api.w.org\/{rel}","templated":true}]}}